{"id":183,"date":"2016-03-10T09:22:08","date_gmt":"2016-03-10T09:22:08","guid":{"rendered":"https:\/\/okthemes.com\/villenoirdarkdemo\/?page_id=183"},"modified":"2024-03-06T14:33:30","modified_gmt":"2024-03-06T17:33:30","slug":"contacto","status":"publish","type":"page","link":"https:\/\/vhz.cl\/en\/contacto\/","title":{"rendered":"Contact"},"content":{"rendered":"<div class=\"wpb-content-wrapper\"><div data-vc-full-width=\"true\" data-vc-full-width-init=\"false\" class=\"vc_row wpb_row vc_row-fluid vc_custom_1664908366510 vc_row-has-fill\"><div class=\"wpb_column vc_column_container vc_col-sm-6\"><div class=\"vc_column-inner\"><div class=\"wpb_wrapper\">\n\t<div class=\"gg-infobox\" style=\"text-align:left;\">\n\t\t<p class=\"subtitle\" >Contact information<\/p>\n\t\t<div class=\"description\" style=\"color: #ffffff;\"><p><a href=\"mailto:ventas@vi\u00f1ahaciendazu\u00f1iga.cl\">sales@vi\u00f1ahaciendazu\u00f1iga.cl<\/a><\/p>\n<\/div>\n\t<\/div> <div class=\"gg-horizontal-list\"><p class=\"subtitle\">Our schedules<\/p><dl class=\"horizontal\">\n\t<dt style=\"color: #ffffff;\">LUNES - S\u00c1BADO<\/dt>\n\t<dd style=\"color: #ffffff;\">10:00 a 14:00 hrs<br>15:00 a 18:30 hrs<\/dd>\n\t<dt style=\"color: #ffffff;\">DOMINGO - FESTIVOS<\/dt>\n\t<dd style=\"color: #ffffff;\">CERRADO<\/dd>\n\t<dt >Telephone: +569 5471 1214<\/dt>\n\t<dd ><\/dd><\/dl><\/div><\/div><\/div><\/div><div class=\"wpb_column vc_column_container vc_col-sm-6\"><div class=\"vc_column-inner\"><div class=\"wpb_wrapper\">\n\t<div class=\"gg-infobox\" style=\"text-align:left;\">\n\t\t<p class=\"subtitle\" >Visit us in:<\/p>\n\t\t<div class=\"description\" style=\"color: #ffffff;\"><p>San Javier de Loncomilla, San Javier, Maule<br \/>\n<a href=\"https:\/\/goo.gl\/maps\/XktoDbwrnM3Sxo8W7\">See map<\/a><\/p>\n<p><iframe loading=\"lazy\" style=\"border: 0;\" src=\"https:\/\/www.google.com\/maps\/embed?pb=!1m18!1m12!1m3!1d3238.6847751214773!2d-71.7987089!3d-35.73397029999999!2m3!1f0!2f0!3f0!3m2!1i1024!2i768!4f13.1!3m3!1m2!1s0x9665fadad9b2b4bf%3A0x311ac4b47b271141!2sBodegas%20y%20Vi%C3%B1edos%20Melozal%20S.A.!5e0!3m2!1ses-419!2scl!4v1665018423026!5m2!1ses-419!2scl\" width=\"600\" height=\"250\" allowfullscreen=\"allowfullscreen\"><\/iframe><\/p>\n<\/div>\n\t<\/div> <\/div><\/div><\/div><\/div><div class=\"vc_row-full-width vc_clearfix\"><\/div><div class=\"vc_row wpb_row vc_row-fluid vc_custom_1664908412623\"><div class=\"wpb_column vc_column_container vc_col-sm-12\"><div class=\"vc_column-inner\"><div class=\"wpb_wrapper\">\n\t<div class=\"wpb_text_column wpb_content_element\" >\n\t\t<div class=\"wpb_wrapper\">\n\t\t\t<h2>Contact Form<\/h2>\n<p>If you want to know more about our products, do not hesitate to contact us.<\/p>\n\n\t\t<\/div>\n\t<\/div>\n\n<div class=\"wpcf7 no-js\" id=\"wpcf7-f2315-o1\" lang=\"en-US\" dir=\"ltr\">\n<div class=\"screen-reader-response\"><p role=\"status\" aria-live=\"polite\" aria-atomic=\"true\"><\/p> <ul><\/ul><\/div>\n<form action=\"\/en\/wp-json\/wp\/v2\/pages\/183#wpcf7-f2315-o1\" method=\"post\" class=\"wpcf7-form init\" aria-label=\"Contact form\" novalidate=\"novalidate\" data-status=\"init\" data-trp-original-action=\"\/en\/wp-json\/wp\/v2\/pages\/183#wpcf7-f2315-o1\">\n<div style=\"display: none;\">\n<input type=\"hidden\" name=\"_wpcf7\" value=\"2315\" \/>\n<input type=\"hidden\" name=\"_wpcf7_version\" value=\"5.9.2\" \/>\n<input type=\"hidden\" name=\"_wpcf7_locale\" value=\"en_US\" \/>\n<input type=\"hidden\" name=\"_wpcf7_unit_tag\" value=\"wpcf7-f2315-o1\" \/>\n<input type=\"hidden\" name=\"_wpcf7_container_post\" value=\"0\" \/>\n<input type=\"hidden\" name=\"_wpcf7_posted_data_hash\" value=\"\" \/>\n<\/div>\n<p><label> <span class=\"wpcf7-form-control-wrap\" data-name=\"nombre\"><input size=\"40\" class=\"wpcf7-form-control wpcf7-text wpcf7-validates-as-required\" aria-required=\"true\" aria-invalid=\"false\" placeholder=\"Full name\" value=\"\" type=\"text\" name=\"nombre\" \/><\/span><\/label>\n<\/p>\n<p><label><span class=\"wpcf7-form-control-wrap\" data-name=\"email-998\"><input size=\"40\" class=\"wpcf7-form-control wpcf7-email wpcf7-validates-as-required wpcf7-text wpcf7-validates-as-email\" aria-required=\"true\" aria-invalid=\"false\" placeholder=\"Email\" value=\"\" type=\"email\" name=\"email-998\" \/><\/span><\/label>\n<\/p>\n<p><label>Select option: &gt;&gt; <span class=\"wpcf7-form-control-wrap\" data-name=\"menu-65\"><select class=\"wpcf7-form-control wpcf7-select wpcf7-validates-as-required\" aria-required=\"true\" aria-invalid=\"false\" name=\"menu-65\"><option value=\"Ventas\">Sales<\/option><option value=\"Finanzas\">Finance<\/option><option value=\"Reservas\">Bookings<\/option><option value=\"Consultas\">queries<\/option><option value=\"Otros\">Others<\/option><\/select><\/span><\/label>\n<\/p>\n<p><label><span class=\"wpcf7-form-control-wrap\" data-name=\"mensaje\"><textarea cols=\"40\" rows=\"10\" class=\"wpcf7-form-control wpcf7-textarea\" aria-invalid=\"false\" placeholder=\"Message...\" name=\"mensaje\"><\/textarea><\/span><\/label>\n<\/p>\n<p><input class=\"wpcf7-form-control wpcf7-submit has-spinner\" type=\"submit\" value=\"Send Message\" \/>\n<\/p><div class=\"wpcf7-response-output\" aria-hidden=\"true\"><\/div>\n<input type=\"hidden\" name=\"trp-form-language\" value=\"en\"\/><\/form>\n<\/div>\n<\/div><\/div><\/div><\/div>\n<\/div>","protected":false},"excerpt":{"rendered":"Informaci\u00f3n de Contacto ventas@vi\u00f1ahaciendazu\u00f1iga.cl Nuestros Horarios LUNES - S\u00c1BADO 10:00 a 14:00 hrs15:00 a 18:30 hrs DOMINGO - FESTIVOS CERRADO Tel\u00e9fono: +569 5471 1214 Visitanos en: San Javier de Loncomilla, San Javier, Maule Ver Mapa Formulario de Contacto Si quieres saber mas sobre nuestros productos no dudes en contactarnos. Seleccionar opci\u00f3n: >> VentasFinanzasReservasConsultasOtros","protected":false},"author":1,"featured_media":0,"parent":0,"menu_order":0,"comment_status":"closed","ping_status":"closed","template":"theme-templates\/contact.php","meta":{"_acf_changed":false,"_monsterinsights_skip_tracking":false,"_monsterinsights_sitenote_active":false,"_monsterinsights_sitenote_note":"","_monsterinsights_sitenote_category":0,"footnotes":""},"class_list":["post-183","page","type-page","status-publish","hentry"],"acf":[],"_links":{"self":[{"href":"https:\/\/vhz.cl\/en\/wp-json\/wp\/v2\/pages\/183","targetHints":{"allow":["GET"]}}],"collection":[{"href":"https:\/\/vhz.cl\/en\/wp-json\/wp\/v2\/pages"}],"about":[{"href":"https:\/\/vhz.cl\/en\/wp-json\/wp\/v2\/types\/page"}],"author":[{"embeddable":true,"href":"https:\/\/vhz.cl\/en\/wp-json\/wp\/v2\/users\/1"}],"replies":[{"embeddable":true,"href":"https:\/\/vhz.cl\/en\/wp-json\/wp\/v2\/comments?post=183"}],"version-history":[{"count":10,"href":"https:\/\/vhz.cl\/en\/wp-json\/wp\/v2\/pages\/183\/revisions"}],"predecessor-version":[{"id":3597,"href":"https:\/\/vhz.cl\/en\/wp-json\/wp\/v2\/pages\/183\/revisions\/3597"}],"wp:attachment":[{"href":"https:\/\/vhz.cl\/en\/wp-json\/wp\/v2\/media?parent=183"}],"curies":[{"name":"wp","href":"https:\/\/api.w.org\/{rel}","templated":true}]}}