{"id":341,"date":"2016-03-15T14:31:38","date_gmt":"2016-03-15T14:31:38","guid":{"rendered":"https:\/\/okthemes.com\/villenoirdarkdemo\/?page_id=341"},"modified":"2023-10-24T16:11:00","modified_gmt":"2023-10-24T19:11:00","slug":"nosotros","status":"publish","type":"page","link":"https:\/\/vhz.cl\/en\/nosotros\/","title":{"rendered":"Us"},"content":{"rendered":"<div class=\"wpb-content-wrapper\"><div data-vc-full-width=\"true\" data-vc-full-width-init=\"false\" class=\"vc_row wpb_row vc_row-fluid gg-force-background-bottom vc_custom_1664906227046 vc_row-has-fill\"><div class=\"wpb_column vc_column_container vc_col-sm-6\"><div class=\"vc_column-inner\"><div class=\"wpb_wrapper\">\n\t<div class=\"wpb_text_column wpb_content_element\" >\n\t\t<div class=\"wpb_wrapper\">\n\t\t\t<div class=\"title-subtitle-box vc_custom_1648523772237\">\n<h2><span style=\"color: #ffffff\">About us<\/span><\/h2>\n<\/div>\n<div class=\"wpb_text_column wpb_content_element\">\n<div class=\"wpb_wrapper\">\n<p><span style=\"color: #ffffff\">Vi\u00f1a Hacienda Z\u00fa\u00f1iga is a family business dedicated to grape production and winemaking that was born about 20 years ago, where we were mainly grape producers in small vineyards, handcrafted with great effort and dedication, carefully taking care of each branch of the vine managing to produce fine grapes, coming from the beautiful valleys of Maule.<\/span><\/p>\n<p><span style=\"color: #ffffff\">Today, we are located in the Melozal Valley, San Javier District, and we have various Varietal Wines and Reserves capable of delighting any palate. We continue to improve and always seek to be at the forefront to meet the needs of our customers and collaborators.<\/span><\/p>\n<p><span style=\"color: #ffffff\">We invite you to meet us!<\/span><\/p>\n<\/div>\n<\/div>\n\n\t\t<\/div>\n\t<\/div>\n<\/div><\/div><\/div><div class=\"wpb_column vc_column_container vc_col-sm-6\"><div class=\"vc_column-inner\"><div class=\"wpb_wrapper\">\n\t<div class=\"wpb_text_column wpb_content_element\" >\n\t\t<div class=\"wpb_wrapper\">\n\t\t\t<h2><span style=\"color: #ffffff\">Mission:<\/span><\/h2>\n<div class=\"wpb_text_column wpb_content_element\">\n<div class=\"wpb_wrapper\">\n<p><span style=\"color: #ffffff\">Assume a commitment to constant improvement in the development of our products and at the same time preserve family traditions in the process, to deliver a quality wine that reaches our customers&#039; tables with a unique flavor and suitable to accompany, celebrate and enjoy any chance.<\/span><\/p>\n<\/div>\n<\/div>\n\n\t\t<\/div>\n\t<\/div>\n\n\t<div class=\"wpb_text_column wpb_content_element\" >\n\t\t<div class=\"wpb_wrapper\">\n\t\t\t<h2><span style=\"color: #ffffff\">Vision<\/span><\/h2>\n<p><span style=\"color: #ffffff\">Always seek sustainability, using modern technologies and machinery that generate the least possible impact on the environment and also contribute both locally and nationally, generating new jobs and development opportunities for our employees and the community in general.<\/span><\/p>\n\n\t\t<\/div>\n\t<\/div>\n<\/div><\/div><\/div><div class=\"wpb_column vc_column_container vc_col-sm-12\"><div class=\"vc_column-inner\"><div class=\"wpb_wrapper\"><div class=\"vc_row wpb_row vc_inner vc_row-fluid\"><div class=\"wpb_column vc_column_container vc_col-sm-6\"><div class=\"vc_column-inner\"><div class=\"wpb_wrapper\">\n\t<div class=\"wpb_video_widget wpb_content_element vc_clearfix   vc_video-aspect-ratio-169 vc_video-el-width-100 vc_video-align-left\" >\n\t\t<div class=\"wpb_wrapper\">\n\t\t\t\n\t\t\t<div class=\"wpb_video_wrapper\"><iframe loading=\"lazy\" title=\"Vina Hacienda Zu\u00f1iga Corporate\" width=\"500\" height=\"281\" src=\"https:\/\/www.youtube.com\/embed\/fgtx9wgILiI?feature=oembed\" frameborder=\"0\" allow=\"accelerometer; autoplay; clipboard-write; encrypted-media; gyroscope; picture-in-picture; web-share\" allowfullscreen><\/iframe><\/div>\n\t\t<\/div>\n\t<\/div>\n<\/div><\/div><\/div><div class=\"wpb_column vc_column_container vc_col-sm-6\"><div class=\"vc_column-inner\"><div class=\"wpb_wrapper\">\n\t<div class=\"wpb_video_widget wpb_content_element vc_clearfix   vc_video-aspect-ratio-169 vc_video-el-width-100 vc_video-align-left\" >\n\t\t<div class=\"wpb_wrapper\">\n\t\t\t\n\t\t\t<div class=\"wpb_video_wrapper\"><iframe loading=\"lazy\" title=\"Us\" width=\"500\" height=\"281\" src=\"https:\/\/www.youtube.com\/embed\/-xzd5f58oFI?feature=oembed\" frameborder=\"0\" allow=\"accelerometer; autoplay; clipboard-write; encrypted-media; gyroscope; picture-in-picture; web-share\" allowfullscreen><\/iframe><\/div>\n\t\t<\/div>\n\t<\/div>\n<\/div><\/div><\/div><\/div><\/div><\/div><\/div><\/div><div class=\"vc_row-full-width vc_clearfix\"><\/div><div class=\"vc_row wpb_row vc_row-fluid\"><div class=\"wpb_column vc_column_container vc_col-sm-12\"><div class=\"vc_column-inner\"><div class=\"wpb_wrapper\">\n<div class=\"vc_grid-container-wrapper vc_clearfix vc_grid-animation-none\">\n\t<div class=\"vc_grid-container vc_clearfix wpb_content_element vc_media_grid\" data-initial-loading-animation=\"none\" data-vc-grid-settings=\"{&quot;page_id&quot;:341,&quot;style&quot;:&quot;lazy&quot;,&quot;action&quot;:&quot;vc_get_vc_grid_data&quot;,&quot;shortcode_id&quot;:&quot;1698174652051-47599aa9-897f-5&quot;,&quot;items_per_page&quot;:&quot;10&quot;,&quot;tag&quot;:&quot;vc_media_grid&quot;}\" data-vc-request=\"https:\/\/vhz.cl\/wp-admin\/admin-ajax.php\" data-vc-post-id=\"341\" data-vc-public-nonce=\"35d099f5c9\">\n\t\t\n\t<\/div>\n<\/div><\/div><\/div><\/div><\/div>\n<\/div>","protected":false},"excerpt":{"rendered":"Quienes Somos Vi\u00f1a Hacienda Z\u00fa\u00f1iga es una empresa familiar dedicada a la producci\u00f3n de uva y elaboraci\u00f3n de vinos que nace hace unos 20 a\u00f1os atr\u00e1s, donde fuimos principalmente productores de uva en vi\u00f1edos peque\u00f1os, trabajados artesanalmente con mucho esfuerzo y dedicaci\u00f3n, cuidando con esmero cada p\u00e1mpano de la vid logrando producir uvas finas, provenientes<br class=\"read-more-spacer\"> <a class=\"more-link\" href=\"https:\/\/vhz.cl\/en\/nosotros\/\">Read More<\/a>","protected":false},"author":1,"featured_media":3215,"parent":0,"menu_order":0,"comment_status":"closed","ping_status":"closed","template":"","meta":{"_acf_changed":false,"_monsterinsights_skip_tracking":false,"_monsterinsights_sitenote_active":false,"_monsterinsights_sitenote_note":"","_monsterinsights_sitenote_category":0,"footnotes":""},"class_list":["post-341","page","type-page","status-publish","has-post-thumbnail","hentry"],"acf":[],"_links":{"self":[{"href":"https:\/\/vhz.cl\/en\/wp-json\/wp\/v2\/pages\/341","targetHints":{"allow":["GET"]}}],"collection":[{"href":"https:\/\/vhz.cl\/en\/wp-json\/wp\/v2\/pages"}],"about":[{"href":"https:\/\/vhz.cl\/en\/wp-json\/wp\/v2\/types\/page"}],"author":[{"embeddable":true,"href":"https:\/\/vhz.cl\/en\/wp-json\/wp\/v2\/users\/1"}],"replies":[{"embeddable":true,"href":"https:\/\/vhz.cl\/en\/wp-json\/wp\/v2\/comments?post=341"}],"version-history":[{"count":10,"href":"https:\/\/vhz.cl\/en\/wp-json\/wp\/v2\/pages\/341\/revisions"}],"predecessor-version":[{"id":3564,"href":"https:\/\/vhz.cl\/en\/wp-json\/wp\/v2\/pages\/341\/revisions\/3564"}],"wp:featuredmedia":[{"embeddable":true,"href":"https:\/\/vhz.cl\/en\/wp-json\/wp\/v2\/media\/3215"}],"wp:attachment":[{"href":"https:\/\/vhz.cl\/en\/wp-json\/wp\/v2\/media?parent=341"}],"curies":[{"name":"wp","href":"https:\/\/api.w.org\/{rel}","templated":true}]}}