{"id":341,"date":"2016-03-15T14:31:38","date_gmt":"2016-03-15T14:31:38","guid":{"rendered":"https:\/\/okthemes.com\/villenoirdarkdemo\/?page_id=341"},"modified":"2023-10-24T16:11:00","modified_gmt":"2023-10-24T19:11:00","slug":"nosotros","status":"publish","type":"page","link":"https:\/\/vhz.cl\/es_es\/nosotros\/","title":{"rendered":"Nosotros"},"content":{"rendered":"<div class=\"wpb-content-wrapper\"><div data-vc-full-width=\"true\" data-vc-full-width-init=\"false\" class=\"vc_row wpb_row vc_row-fluid gg-force-background-bottom vc_custom_1664906227046 vc_row-has-fill\"><div class=\"wpb_column vc_column_container vc_col-sm-6\"><div class=\"vc_column-inner\"><div class=\"wpb_wrapper\">\n\t<div class=\"wpb_text_column wpb_content_element \" >\n\t\t<div class=\"wpb_wrapper\">\n\t\t\t<div class=\"title-subtitle-box vc_custom_1648523772237\">\n<h2><span style=\"color: #ffffff\">Quienes Somos<\/span><\/h2>\n<\/div>\n<div class=\"wpb_text_column wpb_content_element \">\n<div class=\"wpb_wrapper\">\n<p><span style=\"color: #ffffff\">Vi\u00f1a Hacienda Z\u00fa\u00f1iga es una empresa familiar dedicada a la producci\u00f3n de uva y elaboraci\u00f3n de vinos que nace hace unos 20 a\u00f1os atr\u00e1s, donde fuimos principalmente productores de uva en vi\u00f1edos peque\u00f1os, trabajados artesanalmente con mucho esfuerzo y dedicaci\u00f3n, cuidando con esmero cada p\u00e1mpano de la vid logrando producir uvas finas, provenientes de los hermosos valles del Maule.<\/span><\/p>\n<p><span style=\"color: #ffffff\">Al d\u00eda de hoy, estamos ubicados en el Valle de Melozal, Comuna de San Javier, y disponemos de diversos Vinos Varietales y Reservas capaces de encantar a cualquier paladar. Continuamos mejorando y buscando siempre estar a la vanguardia para satisfacer las necesidades de nuestros clientes y colaboradores.<\/span><\/p>\n<p><span style=\"color: #ffffff\">\u00a1Te invitamos a conocernos!<\/span><\/p>\n<\/div>\n<\/div>\n\n\t\t<\/div>\n\t<\/div>\n<\/div><\/div><\/div><div class=\"wpb_column vc_column_container vc_col-sm-6\"><div class=\"vc_column-inner\"><div class=\"wpb_wrapper\">\n\t<div class=\"wpb_text_column wpb_content_element \" >\n\t\t<div class=\"wpb_wrapper\">\n\t\t\t<h2><span style=\"color: #ffffff\">Misi\u00f3n:<\/span><\/h2>\n<div class=\"wpb_text_column wpb_content_element \">\n<div class=\"wpb_wrapper\">\n<p><span style=\"color: #ffffff\">Asumir un compromiso de mejora constante en la elaboraci\u00f3n de nuestros productos y a la vez conservar las tradiciones familiares en el proceso, para entregar un vino de calidad que llegue a la mesa de nuestros clientes con un sabor \u00fanico y apto para acompa\u00f1ar, celebrar y disfrutar cualquier ocasi\u00f3n.<\/span><\/p>\n<\/div>\n<\/div>\n\n\t\t<\/div>\n\t<\/div>\n\n\t<div class=\"wpb_text_column wpb_content_element \" >\n\t\t<div class=\"wpb_wrapper\">\n\t\t\t<h2><span style=\"color: #ffffff\">Visi\u00f3n<\/span><\/h2>\n<p><span style=\"color: #ffffff\">Buscar siempre la sustentabilidad, utilizando tecnolog\u00edas y maquinarias modernas, que generen el menor impacto posible al medioambiente y tambi\u00e9n contribuir tanto a nivel local como pa\u00eds, generando nuevos puestos de trabajo y oportunidades de desarrollo para nuestros colaboradores y la comunidad en general.<\/span><\/p>\n\n\t\t<\/div>\n\t<\/div>\n<\/div><\/div><\/div><div class=\"wpb_column vc_column_container vc_col-sm-12\"><div class=\"vc_column-inner\"><div class=\"wpb_wrapper\"><div class=\"vc_row wpb_row vc_inner vc_row-fluid\"><div class=\"wpb_column vc_column_container vc_col-sm-6\"><div class=\"vc_column-inner\"><div class=\"wpb_wrapper\">\n\t<div class=\"wpb_video_widget wpb_content_element vc_clearfix   vc_video-aspect-ratio-169 vc_video-el-width-100 vc_video-align-left\" >\n\t\t<div class=\"wpb_wrapper\">\n\t\t\t\n\t\t\t<div class=\"wpb_video_wrapper\"><iframe loading=\"lazy\" title=\"Corporativo Vin\u0303a Hacienda Zun\u0303iga\" width=\"500\" height=\"281\" src=\"https:\/\/www.youtube.com\/embed\/fgtx9wgILiI?feature=oembed\" frameborder=\"0\" allow=\"accelerometer; autoplay; clipboard-write; encrypted-media; gyroscope; picture-in-picture; web-share\" allowfullscreen><\/iframe><\/div>\n\t\t<\/div>\n\t<\/div>\n<\/div><\/div><\/div><div class=\"wpb_column vc_column_container vc_col-sm-6\"><div class=\"vc_column-inner\"><div class=\"wpb_wrapper\">\n\t<div class=\"wpb_video_widget wpb_content_element vc_clearfix   vc_video-aspect-ratio-169 vc_video-el-width-100 vc_video-align-left\" >\n\t\t<div class=\"wpb_wrapper\">\n\t\t\t\n\t\t\t<div class=\"wpb_video_wrapper\"><iframe loading=\"lazy\" title=\"Nosotros\" width=\"500\" height=\"281\" src=\"https:\/\/www.youtube.com\/embed\/-xzd5f58oFI?feature=oembed\" frameborder=\"0\" allow=\"accelerometer; autoplay; clipboard-write; encrypted-media; gyroscope; picture-in-picture; web-share\" allowfullscreen><\/iframe><\/div>\n\t\t<\/div>\n\t<\/div>\n<\/div><\/div><\/div><\/div><\/div><\/div><\/div><\/div><div class=\"vc_row-full-width vc_clearfix\"><\/div><div class=\"vc_row wpb_row vc_row-fluid\"><div class=\"wpb_column vc_column_container vc_col-sm-12\"><div class=\"vc_column-inner\"><div class=\"wpb_wrapper\">\n<div class=\"vc_grid-container-wrapper vc_clearfix vc_grid-animation-none\">\n\t<div class=\"vc_grid-container vc_clearfix wpb_content_element vc_media_grid\" data-initial-loading-animation=\"none\" data-vc-grid-settings=\"{&quot;page_id&quot;:341,&quot;style&quot;:&quot;lazy&quot;,&quot;action&quot;:&quot;vc_get_vc_grid_data&quot;,&quot;shortcode_id&quot;:&quot;1698174652051-47599aa9-897f-5&quot;,&quot;items_per_page&quot;:&quot;10&quot;,&quot;tag&quot;:&quot;vc_media_grid&quot;}\" data-vc-request=\"https:\/\/vhz.cl\/wp-admin\/admin-ajax.php\" data-vc-post-id=\"341\" data-vc-public-nonce=\"35d099f5c9\">\n\t\t\n\t<\/div>\n<\/div><\/div><\/div><\/div><\/div>\n<\/div>","protected":false},"excerpt":{"rendered":"Quienes Somos Vi\u00f1a Hacienda Z\u00fa\u00f1iga es una empresa familiar dedicada a la producci\u00f3n de uva y elaboraci\u00f3n de vinos que nace hace unos 20 a\u00f1os atr\u00e1s, donde fuimos principalmente productores de uva en vi\u00f1edos peque\u00f1os, trabajados artesanalmente con mucho esfuerzo y dedicaci\u00f3n, cuidando con esmero cada p\u00e1mpano de la vid logrando producir uvas finas, provenientes<br class=\"read-more-spacer\"> <a class=\"more-link\" href=\"https:\/\/vhz.cl\/es_es\/nosotros\/\">Read More<\/a>","protected":false},"author":1,"featured_media":3215,"parent":0,"menu_order":0,"comment_status":"closed","ping_status":"closed","template":"","meta":{"_acf_changed":false,"_monsterinsights_skip_tracking":false,"_monsterinsights_sitenote_active":false,"_monsterinsights_sitenote_note":"","_monsterinsights_sitenote_category":0,"footnotes":""},"class_list":["post-341","page","type-page","status-publish","has-post-thumbnail","hentry"],"acf":[],"_links":{"self":[{"href":"https:\/\/vhz.cl\/es_es\/wp-json\/wp\/v2\/pages\/341","targetHints":{"allow":["GET"]}}],"collection":[{"href":"https:\/\/vhz.cl\/es_es\/wp-json\/wp\/v2\/pages"}],"about":[{"href":"https:\/\/vhz.cl\/es_es\/wp-json\/wp\/v2\/types\/page"}],"author":[{"embeddable":true,"href":"https:\/\/vhz.cl\/es_es\/wp-json\/wp\/v2\/users\/1"}],"replies":[{"embeddable":true,"href":"https:\/\/vhz.cl\/es_es\/wp-json\/wp\/v2\/comments?post=341"}],"version-history":[{"count":10,"href":"https:\/\/vhz.cl\/es_es\/wp-json\/wp\/v2\/pages\/341\/revisions"}],"predecessor-version":[{"id":3564,"href":"https:\/\/vhz.cl\/es_es\/wp-json\/wp\/v2\/pages\/341\/revisions\/3564"}],"wp:featuredmedia":[{"embeddable":true,"href":"https:\/\/vhz.cl\/es_es\/wp-json\/wp\/v2\/media\/3215"}],"wp:attachment":[{"href":"https:\/\/vhz.cl\/es_es\/wp-json\/wp\/v2\/media?parent=341"}],"curies":[{"name":"wp","href":"https:\/\/api.w.org\/{rel}","templated":true}]}}