{"id":3180,"date":"2022-10-03T21:13:34","date_gmt":"2022-10-04T00:13:34","guid":{"rendered":"https:\/\/vhz.cl\/product\/vinos-insolentes-la-weona-jugosa-merlot-carmenere-c-sauvignon-750-cc\/"},"modified":"2024-08-28T13:36:42","modified_gmt":"2024-08-28T17:36:42","slug":"vinos-insolentes-la-weona-jugosa-merlot-carmenere-c-sauvignon-750-cc","status":"publish","type":"product","link":"https:\/\/vhz.cl\/es_es\/product\/vinos-insolentes-la-weona-jugosa-merlot-carmenere-c-sauvignon-750-cc\/","title":{"rendered":"Vinos Insolentes La Weona Jugosa C. Sauvignon  750 Cc"},"content":{"rendered":"","protected":false},"excerpt":{"rendered":"<p>Vinos Insolentes La Weona Jugosa Merlot\/ Carmenere\/ C. Sauvignon 750 Cc, un vino suave y f\u00e1cil de beber con un sabor dulce y afrutado. El vino es perfecto para las personas a las que les gusta beber y comer mucho. Tiene la combinaci\u00f3n perfecta de equilibrio de cuerpo frutal y an\u00eds que lo hace adecuado para el consumo con la comida o como una bebida despu\u00e9s de la cena. <strong>\u00a1P\u00eddalo ahora!<\/strong><\/p>\n<h4>Pack de 6 unidades.<\/h4>\n<p>&nbsp;<\/p>\n","protected":false},"featured_media":3650,"comment_status":"closed","ping_status":"closed","template":"","meta":{"_acf_changed":false,"_monsterinsights_skip_tracking":false,"_monsterinsights_sitenote_active":false,"_monsterinsights_sitenote_note":"","_monsterinsights_sitenote_category":0},"product_cat":[39,35,36,37],"product_tag":[],"class_list":{"0":"post-3180","1":"product","2":"type-product","3":"status-publish","4":"has-post-thumbnail","6":"product_cat-cabernet-sauvignon","7":"product_cat-carmenere","8":"product_cat-merlot","9":"product_cat-vinos-insolentes-gran-reserva","11":"first","12":"instock","13":"purchasable","14":"product-type-simple"},"acf":[],"_links":{"self":[{"href":"https:\/\/vhz.cl\/es_es\/wp-json\/wp\/v2\/product\/3180","targetHints":{"allow":["GET"]}}],"collection":[{"href":"https:\/\/vhz.cl\/es_es\/wp-json\/wp\/v2\/product"}],"about":[{"href":"https:\/\/vhz.cl\/es_es\/wp-json\/wp\/v2\/types\/product"}],"replies":[{"embeddable":true,"href":"https:\/\/vhz.cl\/es_es\/wp-json\/wp\/v2\/comments?post=3180"}],"wp:featuredmedia":[{"embeddable":true,"href":"https:\/\/vhz.cl\/es_es\/wp-json\/wp\/v2\/media\/3650"}],"wp:attachment":[{"href":"https:\/\/vhz.cl\/es_es\/wp-json\/wp\/v2\/media?parent=3180"}],"wp:term":[{"taxonomy":"product_cat","embeddable":true,"href":"https:\/\/vhz.cl\/es_es\/wp-json\/wp\/v2\/product_cat?post=3180"},{"taxonomy":"product_tag","embeddable":true,"href":"https:\/\/vhz.cl\/es_es\/wp-json\/wp\/v2\/product_tag?post=3180"}],"curies":[{"name":"wp","href":"https:\/\/api.w.org\/{rel}","templated":true}]}}