{"id":3414,"date":"2022-11-01T22:52:19","date_gmt":"2022-11-02T01:52:19","guid":{"rendered":"https:\/\/vhz.cl\/product\/forastero-del-valle-rose-750-cc\/"},"modified":"2024-03-15T13:46:53","modified_gmt":"2024-03-15T16:46:53","slug":"forastero-del-valle-rose-750-cc","status":"publish","type":"product","link":"https:\/\/vhz.cl\/es_es\/product\/forastero-del-valle-rose-750-cc\/","title":{"rendered":"Forastero del Valle Ros\u00e9 750cc CAJA x6 UNIDADES"},"content":{"rendered":"","protected":false},"excerpt":{"rendered":"<p>Estamos orgullosos de ofrecer vinos de alta calidad procedentes de nuestros propios vi\u00f1edos. Estos vinos se elaboran con respeto a la madre naturaleza y con gran atenci\u00f3n al detalle tanto en los vi\u00f1edos como en las bodegas.<\/p>\n","protected":false},"featured_media":3648,"comment_status":"closed","ping_status":"closed","template":"","meta":{"_acf_changed":false,"_monsterinsights_skip_tracking":false,"_monsterinsights_sitenote_active":false,"_monsterinsights_sitenote_note":"","_monsterinsights_sitenote_category":0},"product_cat":[53,52],"product_tag":[],"class_list":{"0":"post-3414","1":"product","2":"type-product","3":"status-publish","4":"has-post-thumbnail","6":"product_cat-rose","7":"product_cat-vinos-de-la-casa","9":"first","10":"outofstock","11":"purchasable","12":"product-type-simple"},"acf":[],"_links":{"self":[{"href":"https:\/\/vhz.cl\/es_es\/wp-json\/wp\/v2\/product\/3414","targetHints":{"allow":["GET"]}}],"collection":[{"href":"https:\/\/vhz.cl\/es_es\/wp-json\/wp\/v2\/product"}],"about":[{"href":"https:\/\/vhz.cl\/es_es\/wp-json\/wp\/v2\/types\/product"}],"replies":[{"embeddable":true,"href":"https:\/\/vhz.cl\/es_es\/wp-json\/wp\/v2\/comments?post=3414"}],"wp:featuredmedia":[{"embeddable":true,"href":"https:\/\/vhz.cl\/es_es\/wp-json\/wp\/v2\/media\/3648"}],"wp:attachment":[{"href":"https:\/\/vhz.cl\/es_es\/wp-json\/wp\/v2\/media?parent=3414"}],"wp:term":[{"taxonomy":"product_cat","embeddable":true,"href":"https:\/\/vhz.cl\/es_es\/wp-json\/wp\/v2\/product_cat?post=3414"},{"taxonomy":"product_tag","embeddable":true,"href":"https:\/\/vhz.cl\/es_es\/wp-json\/wp\/v2\/product_tag?post=3414"}],"curies":[{"name":"wp","href":"https:\/\/api.w.org\/{rel}","templated":true}]}}