{"id":341,"date":"2016-03-15T14:31:38","date_gmt":"2016-03-15T14:31:38","guid":{"rendered":"https:\/\/okthemes.com\/villenoirdarkdemo\/?page_id=341"},"modified":"2023-10-24T16:11:00","modified_gmt":"2023-10-24T19:11:00","slug":"nosotros","status":"publish","type":"page","link":"https:\/\/vhz.cl\/fr\/nosotros\/","title":{"rendered":"Nous"},"content":{"rendered":"<div class=\"wpb-content-wrapper\"><div data-vc-full-width=\"true\" data-vc-full-width-init=\"false\" class=\"vc_row wpb_row vc_row-fluid gg-force-background-bottom vc_custom_1664906227046 vc_row-has-fill\"><div class=\"wpb_column vc_column_container vc_col-sm-6\"><div class=\"vc_column-inner\"><div class=\"wpb_wrapper\">\n\t<div class=\"wpb_text_column wpb_content_element\" >\n\t\t<div class=\"wpb_wrapper\">\n\t\t\t<div class=\"title-subtitle-box vc_custom_1648523772237\">\n<h2><span style=\"color: #ffffff\">Qui sommes nous<\/span><\/h2>\n<\/div>\n<div class=\"wpb_text_column wpb_content_element\">\n<div class=\"wpb_wrapper\">\n<p><span style=\"color: #ffffff\">Vi\u00f1a Hacienda Z\u00fa\u00f1iga est une entreprise familiale d\u00e9di\u00e9e \u00e0 la production de raisins et \u00e0 la vinification qui est n\u00e9e il y a environ 20 ans, o\u00f9 nous \u00e9tions principalement des producteurs de raisins dans de petits vignobles, fabriqu\u00e9s \u00e0 la main avec beaucoup d&#039;efforts et de d\u00e9vouement, en prenant soin de chaque branche de la vigne parvenant \u00e0 produire raisins fins, provenant des belles vall\u00e9es du Maule.<\/span><\/p>\n<p><span style=\"color: #ffffff\">Aujourd&#039;hui, nous sommes situ\u00e9s dans la vall\u00e9e de Melozal, dans le district de San Javier, et nous disposons de diff\u00e9rents vins de c\u00e9pages et de r\u00e9serves capables de ravir tous les palais. Nous continuons \u00e0 nous am\u00e9liorer et cherchons toujours \u00e0 \u00eatre \u00e0 l&#039;avant-garde pour r\u00e9pondre aux besoins de nos clients et collaborateurs.<\/span><\/p>\n<p><span style=\"color: #ffffff\">Nous vous invitons \u00e0 nous rencontrer !<\/span><\/p>\n<\/div>\n<\/div>\n\n\t\t<\/div>\n\t<\/div>\n<\/div><\/div><\/div><div class=\"wpb_column vc_column_container vc_col-sm-6\"><div class=\"vc_column-inner\"><div class=\"wpb_wrapper\">\n\t<div class=\"wpb_text_column wpb_content_element\" >\n\t\t<div class=\"wpb_wrapper\">\n\t\t\t<h2><span style=\"color: #ffffff\">Mission:<\/span><\/h2>\n<div class=\"wpb_text_column wpb_content_element\">\n<div class=\"wpb_wrapper\">\n<p><span style=\"color: #ffffff\">Assumer un engagement d&#039;am\u00e9lioration constante dans le d\u00e9veloppement de nos produits et en m\u00eame temps pr\u00e9server les traditions familiales dans le processus, pour offrir un vin de qualit\u00e9 qui atteint les tables de nos clients avec une saveur unique et apte \u00e0 accompagner, c\u00e9l\u00e9brer et profiter de toute occasion.<\/span><\/p>\n<\/div>\n<\/div>\n\n\t\t<\/div>\n\t<\/div>\n\n\t<div class=\"wpb_text_column wpb_content_element\" >\n\t\t<div class=\"wpb_wrapper\">\n\t\t\t<h2><span style=\"color: #ffffff\">Vision<\/span><\/h2>\n<p><span style=\"color: #ffffff\">Recherchez toujours la durabilit\u00e9, en utilisant des technologies et des machines modernes qui g\u00e9n\u00e8rent le moins d&#039;impact possible sur l&#039;environnement et contribuent \u00e9galement \u00e0 la fois au niveau local et national, en g\u00e9n\u00e9rant de nouveaux emplois et des opportunit\u00e9s de d\u00e9veloppement pour nos employ\u00e9s et la communaut\u00e9 en g\u00e9n\u00e9ral.<\/span><\/p>\n\n\t\t<\/div>\n\t<\/div>\n<\/div><\/div><\/div><div class=\"wpb_column vc_column_container vc_col-sm-12\"><div class=\"vc_column-inner\"><div class=\"wpb_wrapper\"><div class=\"vc_row wpb_row vc_inner vc_row-fluid\"><div class=\"wpb_column vc_column_container vc_col-sm-6\"><div class=\"vc_column-inner\"><div class=\"wpb_wrapper\">\n\t<div class=\"wpb_video_widget wpb_content_element vc_clearfix   vc_video-aspect-ratio-169 vc_video-el-width-100 vc_video-align-left\" >\n\t\t<div class=\"wpb_wrapper\">\n\t\t\t\n\t\t\t<div class=\"wpb_video_wrapper\"><iframe loading=\"lazy\" title=\"Vina Hacienda Zu\u00f1iga Entreprise\" width=\"500\" height=\"281\" src=\"https:\/\/www.youtube.com\/embed\/fgtx9wgILiI?feature=oembed\" frameborder=\"0\" allow=\"accelerometer; autoplay; clipboard-write; encrypted-media; gyroscope; picture-in-picture; web-share\" allowfullscreen><\/iframe><\/div>\n\t\t<\/div>\n\t<\/div>\n<\/div><\/div><\/div><div class=\"wpb_column vc_column_container vc_col-sm-6\"><div class=\"vc_column-inner\"><div class=\"wpb_wrapper\">\n\t<div class=\"wpb_video_widget wpb_content_element vc_clearfix   vc_video-aspect-ratio-169 vc_video-el-width-100 vc_video-align-left\" >\n\t\t<div class=\"wpb_wrapper\">\n\t\t\t\n\t\t\t<div class=\"wpb_video_wrapper\"><iframe loading=\"lazy\" title=\"Nous\" width=\"500\" height=\"281\" src=\"https:\/\/www.youtube.com\/embed\/-xzd5f58oFI?feature=oembed\" frameborder=\"0\" allow=\"accelerometer; autoplay; clipboard-write; encrypted-media; gyroscope; picture-in-picture; web-share\" allowfullscreen><\/iframe><\/div>\n\t\t<\/div>\n\t<\/div>\n<\/div><\/div><\/div><\/div><\/div><\/div><\/div><\/div><div class=\"vc_row-full-width vc_clearfix\"><\/div><div class=\"vc_row wpb_row vc_row-fluid\"><div class=\"wpb_column vc_column_container vc_col-sm-12\"><div class=\"vc_column-inner\"><div class=\"wpb_wrapper\">\n<div class=\"vc_grid-container-wrapper vc_clearfix vc_grid-animation-none\">\n\t<div class=\"vc_grid-container vc_clearfix wpb_content_element vc_media_grid\" data-initial-loading-animation=\"none\" data-vc-grid-settings=\"{&quot;page_id&quot;:341,&quot;style&quot;:&quot;lazy&quot;,&quot;action&quot;:&quot;vc_get_vc_grid_data&quot;,&quot;shortcode_id&quot;:&quot;1698174652051-47599aa9-897f-5&quot;,&quot;items_per_page&quot;:&quot;10&quot;,&quot;tag&quot;:&quot;vc_media_grid&quot;}\" data-vc-request=\"https:\/\/vhz.cl\/wp-admin\/admin-ajax.php\" data-vc-post-id=\"341\" data-vc-public-nonce=\"35d099f5c9\">\n\t\t\n\t<\/div>\n<\/div><\/div><\/div><\/div><\/div>\n<\/div>","protected":false},"excerpt":{"rendered":"Qui sommes-nous Vi\u00f1a Hacienda Z\u00fa\u00f1iga est une entreprise familiale d\u00e9di\u00e9e \u00e0 la production de raisins et \u00e0 la vinification qui est n\u00e9e il y a environ 20 ans, o\u00f9 nous \u00e9tions principalement des producteurs de raisins dans de petits vignobles, fabriqu\u00e9s \u00e0 la main avec beaucoup d&#039;efforts et de d\u00e9vouement, en prenant soin de chaque branche avec soin de la vigne parvenant \u00e0 produire de beaux raisins, issus de<br class=\"read-more-spacer\"> <a class=\"more-link\" href=\"https:\/\/vhz.cl\/fr\/nosotros\/\">Read More<\/a>","protected":false},"author":1,"featured_media":3215,"parent":0,"menu_order":0,"comment_status":"closed","ping_status":"closed","template":"","meta":{"_acf_changed":false,"_monsterinsights_skip_tracking":false,"_monsterinsights_sitenote_active":false,"_monsterinsights_sitenote_note":"","_monsterinsights_sitenote_category":0,"footnotes":""},"class_list":["post-341","page","type-page","status-publish","has-post-thumbnail","hentry"],"acf":[],"_links":{"self":[{"href":"https:\/\/vhz.cl\/fr\/wp-json\/wp\/v2\/pages\/341","targetHints":{"allow":["GET"]}}],"collection":[{"href":"https:\/\/vhz.cl\/fr\/wp-json\/wp\/v2\/pages"}],"about":[{"href":"https:\/\/vhz.cl\/fr\/wp-json\/wp\/v2\/types\/page"}],"author":[{"embeddable":true,"href":"https:\/\/vhz.cl\/fr\/wp-json\/wp\/v2\/users\/1"}],"replies":[{"embeddable":true,"href":"https:\/\/vhz.cl\/fr\/wp-json\/wp\/v2\/comments?post=341"}],"version-history":[{"count":10,"href":"https:\/\/vhz.cl\/fr\/wp-json\/wp\/v2\/pages\/341\/revisions"}],"predecessor-version":[{"id":3564,"href":"https:\/\/vhz.cl\/fr\/wp-json\/wp\/v2\/pages\/341\/revisions\/3564"}],"wp:featuredmedia":[{"embeddable":true,"href":"https:\/\/vhz.cl\/fr\/wp-json\/wp\/v2\/media\/3215"}],"wp:attachment":[{"href":"https:\/\/vhz.cl\/fr\/wp-json\/wp\/v2\/media?parent=341"}],"curies":[{"name":"wp","href":"https:\/\/api.w.org\/{rel}","templated":true}]}}