{"id":3405,"date":"2022-10-05T22:52:19","date_gmt":"2022-10-06T01:52:19","guid":{"rendered":"https:\/\/vhz.cl\/product\/luna-de-loncomilla-carmenere-750-cc\/"},"modified":"2025-08-01T13:51:31","modified_gmt":"2025-08-01T17:51:31","slug":"luna-de-loncomilla-carmenere-750-cc","status":"publish","type":"product","link":"https:\/\/vhz.cl\/fr\/product\/luna-de-loncomilla-carmenere-750-cc\/","title":{"rendered":"Luna de Loncomilla Carmenere 750cc BO\u00ceTE x6 UNIT\u00c9S"},"content":{"rendered":"","protected":false},"excerpt":{"rendered":"<p>Un vin doux et fruit\u00e9 aux notes de cerise noire et de prune, \u00e9quilibr\u00e9 par un bois\u00e9 subtil. Un vin mi-cors\u00e9 avec une longue finale, ce carm\u00e9n\u00e8re est fait pour le gril ou sirot\u00e9 pur.<\/p>","protected":false},"featured_media":3639,"comment_status":"closed","ping_status":"closed","template":"","meta":{"_acf_changed":false,"_monsterinsights_skip_tracking":false,"_monsterinsights_sitenote_active":false,"_monsterinsights_sitenote_note":"","_monsterinsights_sitenote_category":0},"product_cat":[35,52],"product_tag":[],"class_list":{"0":"post-3405","1":"product","2":"type-product","3":"status-publish","4":"has-post-thumbnail","6":"product_cat-carmenere","7":"product_cat-vinos-de-la-casa","9":"first","10":"outofstock","11":"purchasable","12":"product-type-simple"},"acf":[],"_links":{"self":[{"href":"https:\/\/vhz.cl\/fr\/wp-json\/wp\/v2\/product\/3405","targetHints":{"allow":["GET"]}}],"collection":[{"href":"https:\/\/vhz.cl\/fr\/wp-json\/wp\/v2\/product"}],"about":[{"href":"https:\/\/vhz.cl\/fr\/wp-json\/wp\/v2\/types\/product"}],"replies":[{"embeddable":true,"href":"https:\/\/vhz.cl\/fr\/wp-json\/wp\/v2\/comments?post=3405"}],"wp:featuredmedia":[{"embeddable":true,"href":"https:\/\/vhz.cl\/fr\/wp-json\/wp\/v2\/media\/3639"}],"wp:attachment":[{"href":"https:\/\/vhz.cl\/fr\/wp-json\/wp\/v2\/media?parent=3405"}],"wp:term":[{"taxonomy":"product_cat","embeddable":true,"href":"https:\/\/vhz.cl\/fr\/wp-json\/wp\/v2\/product_cat?post=3405"},{"taxonomy":"product_tag","embeddable":true,"href":"https:\/\/vhz.cl\/fr\/wp-json\/wp\/v2\/product_tag?post=3405"}],"curies":[{"name":"wp","href":"https:\/\/api.w.org\/{rel}","templated":true}]}}