{"id":3415,"date":"2022-10-05T22:52:19","date_gmt":"2022-10-06T01:52:19","guid":{"rendered":"https:\/\/vhz.cl\/product\/forastero-del-valle-late-hravest-750-cc\/"},"modified":"2025-03-06T17:07:40","modified_gmt":"2025-03-06T20:07:40","slug":"forastero-del-valle-late-hravest-750-cc","status":"publish","type":"product","link":"https:\/\/vhz.cl\/fr\/product\/forastero-del-valle-late-hravest-750-cc\/","title":{"rendered":"Forastero Del Valle Late Harvest 750cc BOX x6 UNITS"},"content":{"rendered":"","protected":false},"excerpt":{"rendered":"<p>Forastero del Valle Late Hravest est un vin authentique, cors\u00e9 et riche, \u00e9labor\u00e9 avec des raisins Tempranillo et vieilli en f\u00fbts de ch\u00eane. Sa saveur est miell\u00e9e et douce, avec des tanins souples, et il est parfait \u00e0 boire seul ou accompagn\u00e9 de viandes grill\u00e9es et de plats mijot\u00e9s copieux.<\/p>","protected":false},"featured_media":3637,"comment_status":"closed","ping_status":"closed","template":"","meta":{"_acf_changed":false,"_monsterinsights_skip_tracking":false,"_monsterinsights_sitenote_active":false,"_monsterinsights_sitenote_note":"","_monsterinsights_sitenote_category":0},"product_cat":[55,52],"product_tag":[],"class_list":{"0":"post-3415","1":"product","2":"type-product","3":"status-publish","4":"has-post-thumbnail","6":"product_cat-late-harvest","7":"product_cat-vinos-de-la-casa","9":"first","10":"instock","11":"purchasable","12":"product-type-simple"},"acf":[],"_links":{"self":[{"href":"https:\/\/vhz.cl\/fr\/wp-json\/wp\/v2\/product\/3415","targetHints":{"allow":["GET"]}}],"collection":[{"href":"https:\/\/vhz.cl\/fr\/wp-json\/wp\/v2\/product"}],"about":[{"href":"https:\/\/vhz.cl\/fr\/wp-json\/wp\/v2\/types\/product"}],"replies":[{"embeddable":true,"href":"https:\/\/vhz.cl\/fr\/wp-json\/wp\/v2\/comments?post=3415"}],"wp:featuredmedia":[{"embeddable":true,"href":"https:\/\/vhz.cl\/fr\/wp-json\/wp\/v2\/media\/3637"}],"wp:attachment":[{"href":"https:\/\/vhz.cl\/fr\/wp-json\/wp\/v2\/media?parent=3415"}],"wp:term":[{"taxonomy":"product_cat","embeddable":true,"href":"https:\/\/vhz.cl\/fr\/wp-json\/wp\/v2\/product_cat?post=3415"},{"taxonomy":"product_tag","embeddable":true,"href":"https:\/\/vhz.cl\/fr\/wp-json\/wp\/v2\/product_tag?post=3415"}],"curies":[{"name":"wp","href":"https:\/\/api.w.org\/{rel}","templated":true}]}}